{"id":13,"date":"2014-08-30T16:43:39","date_gmt":"2014-08-30T14:43:39","guid":{"rendered":"https:\/\/turmschiefbahn.de\/?page_id=13"},"modified":"2025-02-12T14:15:23","modified_gmt":"2025-02-12T13:15:23","slug":"verein","status":"publish","type":"page","link":"https:\/\/turmschiefbahn.de\/?page_id=13","title":{"rendered":"Verein"},"content":{"rendered":"\n<h2 class=\"wp-block-heading\">Vorstand<\/h2>\n\n\n\n<h3 class=\"wp-block-heading\">1. Vorsitzender<\/h3>\n\n\n\n<p>Volker Paff, Webersh\u00fctte 16, 41065 M\u00f6nchengladbach, Tel. 02161-6780811,<\/p>\n\n\n\n<p><a href=\"mailto:vorstand(at)turmschiefbahn.de\" data-type=\"mailto\" data-id=\"mailto:vorstand(at)turmschiefbahn.de\">vorstand(at)turmschiefbahn.de<\/a><\/p>\n\n\n\n<h3 class=\"wp-block-heading\">2. Vorsitzender<\/h3>\n\n\n\n<p>Gero Meller, 47877 Willich,<\/p>\n\n\n\n<p><a href=\"mailto:vorstand(at)turmschiefbahn.de\" data-type=\"mailto\" data-id=\"mailto:vorstand(at)turmschiefbahn.de\">vorstand(at)turmschiefbahn.de<\/a><\/p>\n\n\n\n<h3 class=\"wp-block-heading\">Kassenwart<\/h3>\n\n\n\n<p>Georg Krausse, Nell-Breuning-Str. 12, 47877 Willich, Tel. 02156-599134,<\/p>\n\n\n\n<p><a href=\"mailto:kassenwart(at)turmschiefbahn.de\" data-type=\"mailto\" data-id=\"mailto:kassenwart(at)turmschiefbahn.de\">kassenwart(at)turmschiefbahn.de<\/a><\/p>\n\n\n\n<h3 class=\"wp-block-heading\">Jugendwart<\/h3>\n\n\n\n<p>Andr\u00e9 Wokrina, 47877 Willich,<\/p>\n\n\n\n<p><a href=\"mailto:jugendwart(at)turmschiefbahn.de\" data-type=\"mailto\" data-id=\"mailto:jugendwart(at)turmschiefbahn.de\">jugendwart(at)turmschiefbahn.de<\/a><\/p>\n\n\n\n<h3 class=\"wp-block-heading\">Schriftf\u00fchrer<\/h3>\n\n\n\n<p>Alan Grzemba, 47877 Willich<\/p>\n\n\n\n<p><\/p>\n\n\n\n<h2 class=\"wp-block-heading\">Funktionstr\u00e4ger*innen<\/h2>\n\n\n\n<h3 class=\"wp-block-heading\">Turnierleiter<\/h3>\n\n\n\n<p>Nils Segermann und Dieter Lier, 47877 Willich,<\/p>\n\n\n\n<p><a href=\"mailto:turnierleiter(at)turmschiefbahn.de\" data-type=\"mailto\" data-id=\"mailto:turnierleiter(at)turmschiefbahn.de\">turnierleiter(at)turmschiefbahn.de<\/a><\/p>\n\n\n\n<h3 class=\"wp-block-heading\"><\/h3>\n\n\n\n<h3 class=\"wp-block-heading\">Pressereferent<\/h3>\n\n\n\n<p>N.N.<\/p>\n\n\n\n<p><a href=\"mailto:vorstand(at)turmschiefbahn.de\" data-type=\"mailto\" data-id=\"mailto:vorstand(at)turmschiefbahn.de\">vorstand(at)turmschiefbahn.de<\/a><\/p>\n\n\n\n<h3 class=\"wp-block-heading\">Materialwart<\/h3>\n\n\n\n<p>Dieter Lier, 47877 Willich<\/p>\n\n\n\n<h3 class=\"wp-block-heading\">Datenschutzbeauftragter<\/h3>\n\n\n\n<p>Alan Grzemba, 47877 Willich<\/p>\n\n\n\n<h3 class=\"wp-block-heading\">Webmaster<\/h3>\n\n\n\n<p>Nicolai Geier, 47877 Willich<\/p>\n\n\n\n<h2 class=\"wp-block-heading\"><strong>Mitglieder<\/strong><\/h2>\n\n\n\n<p><a href=\"https:\/\/www.schachbund.de\/verein\/62427.html\">Aktuelle DWZ Liste<\/a><\/p>\n","protected":false},"excerpt":{"rendered":"<p>Vorstand 1. Vorsitzender Volker Paff, Webersh\u00fctte 16, 41065 M\u00f6nchengladbach, Tel. 02161-6780811, vorstand(at)turmschiefbahn.de 2. Vorsitzender Gero Meller, 47877 Willich, vorstand(at)turmschiefbahn.de Kassenwart Georg Krausse, Nell-Breuning-Str. 12, 47877 Willich, Tel. 02156-599134, kassenwart(at)turmschiefbahn.de Jugendwart Andr\u00e9 Wokrina, 47877 Willich, jugendwart(at)turmschiefbahn.de Schriftf\u00fchrer Alan Grzemba, 47877 Willich Funktionstr\u00e4ger*innen Turnierleiter Nils Segermann und Dieter Lier, 47877 Willich, turnierleiter(at)turmschiefbahn.de Pressereferent N.N. vorstand(at)turmschiefbahn.de Materialwart Dieter [&hellip;]<\/p>\n","protected":false},"author":7,"featured_media":0,"parent":0,"menu_order":97,"comment_status":"closed","ping_status":"closed","template":"","meta":{"footnotes":""},"class_list":["post-13","page","type-page","status-publish","hentry","wpbf-post"],"_links":{"self":[{"href":"https:\/\/turmschiefbahn.de\/index.php?rest_route=\/wp\/v2\/pages\/13","targetHints":{"allow":["GET"]}}],"collection":[{"href":"https:\/\/turmschiefbahn.de\/index.php?rest_route=\/wp\/v2\/pages"}],"about":[{"href":"https:\/\/turmschiefbahn.de\/index.php?rest_route=\/wp\/v2\/types\/page"}],"author":[{"embeddable":true,"href":"https:\/\/turmschiefbahn.de\/index.php?rest_route=\/wp\/v2\/users\/7"}],"replies":[{"embeddable":true,"href":"https:\/\/turmschiefbahn.de\/index.php?rest_route=%2Fwp%2Fv2%2Fcomments&post=13"}],"version-history":[{"count":35,"href":"https:\/\/turmschiefbahn.de\/index.php?rest_route=\/wp\/v2\/pages\/13\/revisions"}],"predecessor-version":[{"id":5402,"href":"https:\/\/turmschiefbahn.de\/index.php?rest_route=\/wp\/v2\/pages\/13\/revisions\/5402"}],"wp:attachment":[{"href":"https:\/\/turmschiefbahn.de\/index.php?rest_route=%2Fwp%2Fv2%2Fmedia&parent=13"}],"curies":[{"name":"wp","href":"https:\/\/api.w.org\/{rel}","templated":true}]}}