{"id":1653,"date":"2022-01-17T11:29:27","date_gmt":"2022-01-17T10:29:27","guid":{"rendered":"https:\/\/turmschiefbahn.de\/?page_id=1653"},"modified":"2022-11-16T14:28:03","modified_gmt":"2022-11-16T13:28:03","slug":"1-willicher-wochenendturnier","status":"publish","type":"page","link":"https:\/\/turmschiefbahn.de\/?page_id=1653","title":{"rendered":"1. Willicher Wochenendturnier"},"content":{"rendered":"\n<p>Ist zu Ende. Danke an alle Teilnehmer f\u00fcr das angenehme Turnier!<\/p>\n\n\n\n<p>Herzlichen Gl\u00fcckwunsch an den Sieger. Das Turnier hat <strong>Kevin Schmidt<\/strong> mit 5 aus 5 Partien gewonnen!<\/p>\n\n\n\n<figure class=\"wp-block-image size-large\"><a href=\"https:\/\/turmschiefbahn.de\/wp-content\/uploads\/2022\/03\/DSC05384-2-scaled.jpg\"><img loading=\"lazy\" decoding=\"async\" width=\"1024\" height=\"683\" src=\"https:\/\/turmschiefbahn.de\/wp-content\/uploads\/2022\/03\/DSC05384-2-1024x683.jpg\" alt=\"\" class=\"wp-image-2112\" srcset=\"https:\/\/turmschiefbahn.de\/wp-content\/uploads\/2022\/03\/DSC05384-2-1024x683.jpg 1024w, https:\/\/turmschiefbahn.de\/wp-content\/uploads\/2022\/03\/DSC05384-2-640x427.jpg 640w, https:\/\/turmschiefbahn.de\/wp-content\/uploads\/2022\/03\/DSC05384-2-768x512.jpg 768w, https:\/\/turmschiefbahn.de\/wp-content\/uploads\/2022\/03\/DSC05384-2-1536x1024.jpg 1536w, https:\/\/turmschiefbahn.de\/wp-content\/uploads\/2022\/03\/DSC05384-2-2048x1365.jpg 2048w, https:\/\/turmschiefbahn.de\/wp-content\/uploads\/2022\/03\/DSC05384-2-700x467.jpg 700w\" sizes=\"auto, (max-width: 1024px) 100vw, 1024px\" \/><\/a><figcaption class=\"wp-element-caption\">Turniersieger Kevin Schmidt von SV M\u00fclheim-Nord 1931!<\/figcaption><\/figure>\n\n\n\n<p>2. wurde <strong> Mirko<\/strong> <strong>Dahlbeck<\/strong> mit 4.5\/5<\/p>\n\n\n\n<p>3. wurde <strong>Andreas Walter<\/strong> mit 4.5\/5<\/p>\n\n\n\n<p>4. wurde <strong>Ralph Althoff<\/strong> mit 4.5\/5<\/p>\n\n\n\n<p>Weitere Turnierdaten und Ergebnisse finden sich hier: <a href=\"https:\/\/chess-results.com\/tnr608790.aspx?lan=0&amp;art=4\" data-type=\"URL\" data-id=\"https:\/\/chess-results.com\/tnr608790.aspx?lan=0&amp;art=4\" target=\"_blank\" rel=\"noreferrer noopener\">Turnierergebnisse<\/a><\/p>\n\n\n\n<p><a href=\"https:\/\/turmschiefbahn.de\/wp-content\/uploads\/2022\/03\/Ranglisten.pdf\">Ratinglisten\/Damen\/Jugend\/Senioren<\/a><\/p>\n\n\n\n<p>Rheinische Post vom 28.03.2022<\/p>\n\n\n\n<p><a href=\"https:\/\/rp-online.de\/nrw\/staedte\/willich\/schach-wird-bei-kindern-in-schiefbahn-immer-beliebter_aid-67503933\">https:\/\/rp-online.de\/nrw\/staedte\/willich\/schach-wird-bei-kindern-in-schiefbahn-immer-beliebter_aid-67503933<\/a><\/p>\n\n\n\n<p>_____________________________________<\/p>\n\n\n\n<p>Auf dieser Seite finden sich alle Informationen rund um das 1. Willicher Wochendturnier vom <strong>26.03.2022 \u2013 27.03.2022<\/strong>.<\/p>\n\n\n\n<p class=\"has-black-color has-vivid-red-background-color has-text-color has-background\"><strong>Liebe Schachfreunde<\/strong>,  <strong>danke f\u00fcr das gro\u00dfe Interesse an unserem Turnier.<\/strong> Wir haben unser Hygienekonzept aktualisiert: eine Teilnahme auch mit 3G(anstatt 2G+) m\u00f6glich! Wir freuen uns am 26.03.2022 ab 8 Uhr im Spiellokal (Anmeldung vor Ort f\u00fcr alle bis 9Uhr) begr\u00fc\u00dfen zu d\u00fcrfen!<\/p>\n\n\n\n<p><\/p>\n\n\n\n<ol class=\"wp-block-list\">\n<li><a rel=\"noreferrer noopener\" href=\"https:\/\/turmschiefbahn.de\/wp-content\/uploads\/2022\/01\/Ausschreibung_1WWT.pdf\" data-type=\"URL\" data-id=\"https:\/\/turmschiefbahn.de\/wp-content\/uploads\/2022\/01\/Ausschreibung_1WWT.pdf\" target=\"_blank\">Ausschreibung<\/a><\/li>\n\n\n\n<li><a href=\"https:\/\/chess-results.com\/tnr608790.aspx?lan=0\">Startrangliste und Ergebnisse<\/a> <\/li>\n\n\n\n<li><a rel=\"noreferrer noopener\" href=\"https:\/\/turmschiefbahn.de\/wp-content\/uploads\/2022\/03\/Hygienekonzept_21032022.pdf\" data-type=\"URL\" target=\"_blank\">Hygienekonzept<\/a> 3G anstatt 2G+(21.03.2022) <\/li>\n<\/ol>\n\n\n\n<p><\/p>\n\n\n\n<figure class=\"wp-block-image size-large is-resized\"><a href=\"https:\/\/turmschiefbahn.de\/wp-content\/uploads\/2022\/03\/IMG-20220301-WA0002.jpg\"><img loading=\"lazy\" decoding=\"async\" src=\"https:\/\/turmschiefbahn.de\/wp-content\/uploads\/2022\/03\/IMG-20220301-WA0002-768x1024.jpg\" alt=\"\" class=\"wp-image-2040\" width=\"576\" height=\"769\" srcset=\"https:\/\/turmschiefbahn.de\/wp-content\/uploads\/2022\/03\/IMG-20220301-WA0002-768x1024.jpg 768w, https:\/\/turmschiefbahn.de\/wp-content\/uploads\/2022\/03\/IMG-20220301-WA0002-480x640.jpg 480w, https:\/\/turmschiefbahn.de\/wp-content\/uploads\/2022\/03\/IMG-20220301-WA0002-1152x1536.jpg 1152w, https:\/\/turmschiefbahn.de\/wp-content\/uploads\/2022\/03\/IMG-20220301-WA0002-700x933.jpg 700w, https:\/\/turmschiefbahn.de\/wp-content\/uploads\/2022\/03\/IMG-20220301-WA0002.jpg 1512w\" sizes=\"auto, (max-width: 576px) 100vw, 576px\" \/><\/a><figcaption class=\"wp-element-caption\">Pokal f\u00fcr den ersten Platz! Zus\u00e4tzlich zum Geldpreis!<\/figcaption><\/figure>\n\n\n\n<p>Dank <strong>Toine Leferink<\/strong> haben wir sch\u00f6ne Fotos vom Turnier f\u00fcr euch:<\/p>\n\n\n\n<figure class=\"wp-block-image size-large is-resized\"><a href=\"https:\/\/turmschiefbahn.de\/wp-content\/uploads\/2022\/03\/20220326_094148-scaled.jpg\"><img loading=\"lazy\" decoding=\"async\" src=\"https:\/\/turmschiefbahn.de\/wp-content\/uploads\/2022\/03\/20220326_094148-768x1024.jpg\" alt=\"\" class=\"wp-image-2088\" width=\"396\" height=\"528\" srcset=\"https:\/\/turmschiefbahn.de\/wp-content\/uploads\/2022\/03\/20220326_094148-768x1024.jpg 768w, https:\/\/turmschiefbahn.de\/wp-content\/uploads\/2022\/03\/20220326_094148-480x640.jpg 480w, https:\/\/turmschiefbahn.de\/wp-content\/uploads\/2022\/03\/20220326_094148-1152x1536.jpg 1152w, https:\/\/turmschiefbahn.de\/wp-content\/uploads\/2022\/03\/20220326_094148-1536x2048.jpg 1536w, https:\/\/turmschiefbahn.de\/wp-content\/uploads\/2022\/03\/20220326_094148-700x933.jpg 700w, https:\/\/turmschiefbahn.de\/wp-content\/uploads\/2022\/03\/20220326_094148-scaled.jpg 1920w\" sizes=\"auto, (max-width: 396px) 100vw, 396px\" \/><\/a><figcaption class=\"wp-element-caption\">Volker Paff (1.Vorsitzender vom Sachachklub Turm Schiefbahn und Christian Pakusch (B\u00fcrgermeister von Willich)<\/figcaption><\/figure>\n\n\n\n<figure class=\"wp-block-image size-large\"><a href=\"https:\/\/turmschiefbahn.de\/wp-content\/uploads\/2022\/03\/DSC05293-scaled.jpg\"><img loading=\"lazy\" decoding=\"async\" width=\"1024\" height=\"683\" src=\"https:\/\/turmschiefbahn.de\/wp-content\/uploads\/2022\/03\/DSC05293-1024x683.jpg\" alt=\"\" class=\"wp-image-2097\" srcset=\"https:\/\/turmschiefbahn.de\/wp-content\/uploads\/2022\/03\/DSC05293-1024x683.jpg 1024w, https:\/\/turmschiefbahn.de\/wp-content\/uploads\/2022\/03\/DSC05293-640x427.jpg 640w, https:\/\/turmschiefbahn.de\/wp-content\/uploads\/2022\/03\/DSC05293-768x512.jpg 768w, https:\/\/turmschiefbahn.de\/wp-content\/uploads\/2022\/03\/DSC05293-1536x1024.jpg 1536w, https:\/\/turmschiefbahn.de\/wp-content\/uploads\/2022\/03\/DSC05293-2048x1365.jpg 2048w, https:\/\/turmschiefbahn.de\/wp-content\/uploads\/2022\/03\/DSC05293-700x467.jpg 700w\" sizes=\"auto, (max-width: 1024px) 100vw, 1024px\" \/><\/a><\/figure>\n\n\n\n<figure class=\"wp-block-image size-large\"><a href=\"https:\/\/turmschiefbahn.de\/wp-content\/uploads\/2022\/03\/DSC05298-1-scaled.jpg\"><img loading=\"lazy\" decoding=\"async\" width=\"683\" height=\"1024\" src=\"https:\/\/turmschiefbahn.de\/wp-content\/uploads\/2022\/03\/DSC05298-1-683x1024.jpg\" alt=\"\" class=\"wp-image-2098\" srcset=\"https:\/\/turmschiefbahn.de\/wp-content\/uploads\/2022\/03\/DSC05298-1-683x1024.jpg 683w, https:\/\/turmschiefbahn.de\/wp-content\/uploads\/2022\/03\/DSC05298-1-427x640.jpg 427w, https:\/\/turmschiefbahn.de\/wp-content\/uploads\/2022\/03\/DSC05298-1-768x1152.jpg 768w, https:\/\/turmschiefbahn.de\/wp-content\/uploads\/2022\/03\/DSC05298-1-1024x1536.jpg 1024w, https:\/\/turmschiefbahn.de\/wp-content\/uploads\/2022\/03\/DSC05298-1-1366x2048.jpg 1366w, https:\/\/turmschiefbahn.de\/wp-content\/uploads\/2022\/03\/DSC05298-1-700x1050.jpg 700w, https:\/\/turmschiefbahn.de\/wp-content\/uploads\/2022\/03\/DSC05298-1-scaled.jpg 1707w\" sizes=\"auto, (max-width: 683px) 100vw, 683px\" \/><\/a><\/figure>\n\n\n\n<figure class=\"wp-block-image size-large\"><a href=\"https:\/\/turmschiefbahn.de\/wp-content\/uploads\/2022\/03\/DSC05321-1-scaled.jpg\"><img loading=\"lazy\" decoding=\"async\" width=\"1024\" height=\"683\" src=\"https:\/\/turmschiefbahn.de\/wp-content\/uploads\/2022\/03\/DSC05321-1-1024x683.jpg\" alt=\"\" class=\"wp-image-2099\" srcset=\"https:\/\/turmschiefbahn.de\/wp-content\/uploads\/2022\/03\/DSC05321-1-1024x683.jpg 1024w, https:\/\/turmschiefbahn.de\/wp-content\/uploads\/2022\/03\/DSC05321-1-640x427.jpg 640w, https:\/\/turmschiefbahn.de\/wp-content\/uploads\/2022\/03\/DSC05321-1-768x512.jpg 768w, https:\/\/turmschiefbahn.de\/wp-content\/uploads\/2022\/03\/DSC05321-1-1536x1024.jpg 1536w, https:\/\/turmschiefbahn.de\/wp-content\/uploads\/2022\/03\/DSC05321-1-2048x1365.jpg 2048w, https:\/\/turmschiefbahn.de\/wp-content\/uploads\/2022\/03\/DSC05321-1-700x467.jpg 700w\" sizes=\"auto, (max-width: 1024px) 100vw, 1024px\" \/><\/a><\/figure>\n\n\n\n<figure class=\"wp-block-image size-large\"><a href=\"https:\/\/turmschiefbahn.de\/wp-content\/uploads\/2022\/03\/DSC05323-1-scaled.jpg\"><img loading=\"lazy\" decoding=\"async\" width=\"1024\" height=\"683\" src=\"https:\/\/turmschiefbahn.de\/wp-content\/uploads\/2022\/03\/DSC05323-1-1024x683.jpg\" alt=\"\" class=\"wp-image-2100\" srcset=\"https:\/\/turmschiefbahn.de\/wp-content\/uploads\/2022\/03\/DSC05323-1-1024x683.jpg 1024w, https:\/\/turmschiefbahn.de\/wp-content\/uploads\/2022\/03\/DSC05323-1-640x427.jpg 640w, https:\/\/turmschiefbahn.de\/wp-content\/uploads\/2022\/03\/DSC05323-1-768x512.jpg 768w, https:\/\/turmschiefbahn.de\/wp-content\/uploads\/2022\/03\/DSC05323-1-1536x1024.jpg 1536w, https:\/\/turmschiefbahn.de\/wp-content\/uploads\/2022\/03\/DSC05323-1-2048x1365.jpg 2048w, https:\/\/turmschiefbahn.de\/wp-content\/uploads\/2022\/03\/DSC05323-1-700x467.jpg 700w\" sizes=\"auto, (max-width: 1024px) 100vw, 1024px\" \/><\/a><\/figure>\n\n\n\n<figure class=\"wp-block-image size-large\"><a href=\"https:\/\/turmschiefbahn.de\/wp-content\/uploads\/2022\/03\/DSC05324-1-scaled.jpg\"><img loading=\"lazy\" decoding=\"async\" width=\"1024\" height=\"683\" src=\"https:\/\/turmschiefbahn.de\/wp-content\/uploads\/2022\/03\/DSC05324-1-1024x683.jpg\" alt=\"\" class=\"wp-image-2101\" srcset=\"https:\/\/turmschiefbahn.de\/wp-content\/uploads\/2022\/03\/DSC05324-1-1024x683.jpg 1024w, https:\/\/turmschiefbahn.de\/wp-content\/uploads\/2022\/03\/DSC05324-1-640x427.jpg 640w, https:\/\/turmschiefbahn.de\/wp-content\/uploads\/2022\/03\/DSC05324-1-768x512.jpg 768w, https:\/\/turmschiefbahn.de\/wp-content\/uploads\/2022\/03\/DSC05324-1-1536x1024.jpg 1536w, https:\/\/turmschiefbahn.de\/wp-content\/uploads\/2022\/03\/DSC05324-1-2048x1365.jpg 2048w, https:\/\/turmschiefbahn.de\/wp-content\/uploads\/2022\/03\/DSC05324-1-700x467.jpg 700w\" sizes=\"auto, (max-width: 1024px) 100vw, 1024px\" \/><\/a><\/figure>\n\n\n\n<figure class=\"wp-block-image size-large\"><a href=\"https:\/\/turmschiefbahn.de\/wp-content\/uploads\/2022\/03\/DSC05329-1-scaled.jpg\"><img loading=\"lazy\" decoding=\"async\" width=\"1024\" height=\"683\" src=\"https:\/\/turmschiefbahn.de\/wp-content\/uploads\/2022\/03\/DSC05329-1-1024x683.jpg\" alt=\"\" class=\"wp-image-2102\" srcset=\"https:\/\/turmschiefbahn.de\/wp-content\/uploads\/2022\/03\/DSC05329-1-1024x683.jpg 1024w, https:\/\/turmschiefbahn.de\/wp-content\/uploads\/2022\/03\/DSC05329-1-640x427.jpg 640w, https:\/\/turmschiefbahn.de\/wp-content\/uploads\/2022\/03\/DSC05329-1-768x512.jpg 768w, https:\/\/turmschiefbahn.de\/wp-content\/uploads\/2022\/03\/DSC05329-1-1536x1024.jpg 1536w, https:\/\/turmschiefbahn.de\/wp-content\/uploads\/2022\/03\/DSC05329-1-2048x1365.jpg 2048w, https:\/\/turmschiefbahn.de\/wp-content\/uploads\/2022\/03\/DSC05329-1-700x467.jpg 700w\" sizes=\"auto, (max-width: 1024px) 100vw, 1024px\" \/><\/a><\/figure>\n\n\n\n<figure class=\"wp-block-image size-large\"><a href=\"https:\/\/turmschiefbahn.de\/wp-content\/uploads\/2022\/03\/DSC05342-1-scaled.jpg\"><img loading=\"lazy\" decoding=\"async\" width=\"1024\" height=\"683\" src=\"https:\/\/turmschiefbahn.de\/wp-content\/uploads\/2022\/03\/DSC05342-1-1024x683.jpg\" alt=\"\" class=\"wp-image-2103\" srcset=\"https:\/\/turmschiefbahn.de\/wp-content\/uploads\/2022\/03\/DSC05342-1-1024x683.jpg 1024w, https:\/\/turmschiefbahn.de\/wp-content\/uploads\/2022\/03\/DSC05342-1-640x427.jpg 640w, https:\/\/turmschiefbahn.de\/wp-content\/uploads\/2022\/03\/DSC05342-1-768x512.jpg 768w, https:\/\/turmschiefbahn.de\/wp-content\/uploads\/2022\/03\/DSC05342-1-1536x1024.jpg 1536w, https:\/\/turmschiefbahn.de\/wp-content\/uploads\/2022\/03\/DSC05342-1-2048x1365.jpg 2048w, https:\/\/turmschiefbahn.de\/wp-content\/uploads\/2022\/03\/DSC05342-1-700x467.jpg 700w\" sizes=\"auto, (max-width: 1024px) 100vw, 1024px\" \/><\/a><\/figure>\n\n\n\n<figure class=\"wp-block-image size-large\"><a href=\"https:\/\/turmschiefbahn.de\/wp-content\/uploads\/2022\/03\/20220326_140604-scaled.jpg\"><img loading=\"lazy\" decoding=\"async\" width=\"768\" height=\"1024\" src=\"https:\/\/turmschiefbahn.de\/wp-content\/uploads\/2022\/03\/20220326_140604-768x1024.jpg\" alt=\"\" class=\"wp-image-2105\" srcset=\"https:\/\/turmschiefbahn.de\/wp-content\/uploads\/2022\/03\/20220326_140604-768x1024.jpg 768w, https:\/\/turmschiefbahn.de\/wp-content\/uploads\/2022\/03\/20220326_140604-480x640.jpg 480w, https:\/\/turmschiefbahn.de\/wp-content\/uploads\/2022\/03\/20220326_140604-1152x1536.jpg 1152w, https:\/\/turmschiefbahn.de\/wp-content\/uploads\/2022\/03\/20220326_140604-1536x2048.jpg 1536w, https:\/\/turmschiefbahn.de\/wp-content\/uploads\/2022\/03\/20220326_140604-700x933.jpg 700w, https:\/\/turmschiefbahn.de\/wp-content\/uploads\/2022\/03\/20220326_140604-scaled.jpg 1920w\" sizes=\"auto, (max-width: 768px) 100vw, 768px\" \/><\/a><\/figure>\n\n\n\n<figure class=\"wp-block-image size-large\"><a href=\"https:\/\/turmschiefbahn.de\/wp-content\/uploads\/2022\/03\/DSC05373-scaled.jpg\"><img loading=\"lazy\" decoding=\"async\" width=\"1024\" height=\"683\" src=\"https:\/\/turmschiefbahn.de\/wp-content\/uploads\/2022\/03\/DSC05373-1024x683.jpg\" alt=\"\" class=\"wp-image-2114\" srcset=\"https:\/\/turmschiefbahn.de\/wp-content\/uploads\/2022\/03\/DSC05373-1024x683.jpg 1024w, https:\/\/turmschiefbahn.de\/wp-content\/uploads\/2022\/03\/DSC05373-640x427.jpg 640w, https:\/\/turmschiefbahn.de\/wp-content\/uploads\/2022\/03\/DSC05373-768x512.jpg 768w, https:\/\/turmschiefbahn.de\/wp-content\/uploads\/2022\/03\/DSC05373-1536x1024.jpg 1536w, https:\/\/turmschiefbahn.de\/wp-content\/uploads\/2022\/03\/DSC05373-2048x1365.jpg 2048w, https:\/\/turmschiefbahn.de\/wp-content\/uploads\/2022\/03\/DSC05373-700x467.jpg 700w\" sizes=\"auto, (max-width: 1024px) 100vw, 1024px\" \/><\/a><\/figure>\n\n\n\n<figure class=\"wp-block-image size-large\"><a href=\"https:\/\/turmschiefbahn.de\/wp-content\/uploads\/2022\/03\/DSC05392-scaled.jpg\"><img loading=\"lazy\" decoding=\"async\" width=\"1024\" height=\"683\" src=\"https:\/\/turmschiefbahn.de\/wp-content\/uploads\/2022\/03\/DSC05392-1024x683.jpg\" alt=\"\" class=\"wp-image-2115\" srcset=\"https:\/\/turmschiefbahn.de\/wp-content\/uploads\/2022\/03\/DSC05392-1024x683.jpg 1024w, https:\/\/turmschiefbahn.de\/wp-content\/uploads\/2022\/03\/DSC05392-640x427.jpg 640w, https:\/\/turmschiefbahn.de\/wp-content\/uploads\/2022\/03\/DSC05392-768x512.jpg 768w, https:\/\/turmschiefbahn.de\/wp-content\/uploads\/2022\/03\/DSC05392-1536x1024.jpg 1536w, https:\/\/turmschiefbahn.de\/wp-content\/uploads\/2022\/03\/DSC05392-2048x1365.jpg 2048w, https:\/\/turmschiefbahn.de\/wp-content\/uploads\/2022\/03\/DSC05392-700x467.jpg 700w\" sizes=\"auto, (max-width: 1024px) 100vw, 1024px\" \/><\/a><\/figure>\n\n\n\n<figure class=\"wp-block-image size-large\"><a href=\"https:\/\/turmschiefbahn.de\/wp-content\/uploads\/2022\/03\/DSC05390-scaled.jpg\"><img loading=\"lazy\" decoding=\"async\" width=\"1024\" height=\"683\" src=\"https:\/\/turmschiefbahn.de\/wp-content\/uploads\/2022\/03\/DSC05390-1024x683.jpg\" alt=\"\" class=\"wp-image-2116\" srcset=\"https:\/\/turmschiefbahn.de\/wp-content\/uploads\/2022\/03\/DSC05390-1024x683.jpg 1024w, https:\/\/turmschiefbahn.de\/wp-content\/uploads\/2022\/03\/DSC05390-640x427.jpg 640w, https:\/\/turmschiefbahn.de\/wp-content\/uploads\/2022\/03\/DSC05390-768x512.jpg 768w, https:\/\/turmschiefbahn.de\/wp-content\/uploads\/2022\/03\/DSC05390-1536x1024.jpg 1536w, https:\/\/turmschiefbahn.de\/wp-content\/uploads\/2022\/03\/DSC05390-2048x1365.jpg 2048w, https:\/\/turmschiefbahn.de\/wp-content\/uploads\/2022\/03\/DSC05390-700x467.jpg 700w\" sizes=\"auto, (max-width: 1024px) 100vw, 1024px\" \/><\/a><\/figure>\n\n\n\n<figure class=\"wp-block-gallery has-nested-images columns-default is-cropped wp-block-gallery-1 is-layout-flex wp-block-gallery-is-layout-flex\">\n<figure class=\"wp-block-image size-large\"><a href=\"https:\/\/turmschiefbahn.de\/wp-content\/uploads\/2022\/03\/DSC05393-1-scaled.jpg\"><img loading=\"lazy\" decoding=\"async\" width=\"682\" height=\"1024\" data-id=\"2130\" src=\"https:\/\/turmschiefbahn.de\/wp-content\/uploads\/2022\/03\/DSC05393-1-682x1024.jpg\" alt=\"\" class=\"wp-image-2130\" srcset=\"https:\/\/turmschiefbahn.de\/wp-content\/uploads\/2022\/03\/DSC05393-1-682x1024.jpg 682w, https:\/\/turmschiefbahn.de\/wp-content\/uploads\/2022\/03\/DSC05393-1-427x640.jpg 427w, https:\/\/turmschiefbahn.de\/wp-content\/uploads\/2022\/03\/DSC05393-1-768x1152.jpg 768w, https:\/\/turmschiefbahn.de\/wp-content\/uploads\/2022\/03\/DSC05393-1-1024x1536.jpg 1024w, https:\/\/turmschiefbahn.de\/wp-content\/uploads\/2022\/03\/DSC05393-1-1365x2048.jpg 1365w, https:\/\/turmschiefbahn.de\/wp-content\/uploads\/2022\/03\/DSC05393-1-700x1050.jpg 700w, https:\/\/turmschiefbahn.de\/wp-content\/uploads\/2022\/03\/DSC05393-1-scaled.jpg 1706w\" sizes=\"auto, (max-width: 682px) 100vw, 682px\" \/><\/a><\/figure>\n<\/figure>\n\n\n\n<figure class=\"wp-block-image size-large\"><a href=\"https:\/\/turmschiefbahn.de\/wp-content\/uploads\/2022\/03\/DSC05343-scaled.jpg\"><img loading=\"lazy\" decoding=\"async\" width=\"1024\" height=\"683\" src=\"https:\/\/turmschiefbahn.de\/wp-content\/uploads\/2022\/03\/DSC05343-1024x683.jpg\" alt=\"\" class=\"wp-image-2135\" srcset=\"https:\/\/turmschiefbahn.de\/wp-content\/uploads\/2022\/03\/DSC05343-1024x683.jpg 1024w, https:\/\/turmschiefbahn.de\/wp-content\/uploads\/2022\/03\/DSC05343-640x427.jpg 640w, https:\/\/turmschiefbahn.de\/wp-content\/uploads\/2022\/03\/DSC05343-768x512.jpg 768w, https:\/\/turmschiefbahn.de\/wp-content\/uploads\/2022\/03\/DSC05343-1536x1024.jpg 1536w, https:\/\/turmschiefbahn.de\/wp-content\/uploads\/2022\/03\/DSC05343-2048x1365.jpg 2048w, https:\/\/turmschiefbahn.de\/wp-content\/uploads\/2022\/03\/DSC05343-700x467.jpg 700w\" sizes=\"auto, (max-width: 1024px) 100vw, 1024px\" \/><\/a><figcaption class=\"wp-element-caption\">SK Turm Schiefbahn on Tour beim 1. Willicher Wochenendturnier<\/figcaption><\/figure>\n\n\n\n<p><\/p>\n","protected":false},"excerpt":{"rendered":"<p>Ist zu Ende. Danke an alle Teilnehmer f\u00fcr das angenehme Turnier! Herzlichen Gl\u00fcckwunsch an den Sieger. Das Turnier hat Kevin Schmidt mit 5 aus 5 Partien gewonnen! 2. wurde Mirko Dahlbeck mit 4.5\/5 3. wurde Andreas Walter mit 4.5\/5 4. wurde Ralph Althoff mit 4.5\/5 Weitere Turnierdaten und Ergebnisse finden sich hier: Turnierergebnisse Ratinglisten\/Damen\/Jugend\/Senioren Rheinische [&hellip;]<\/p>\n","protected":false},"author":7,"featured_media":0,"parent":0,"menu_order":0,"comment_status":"closed","ping_status":"closed","template":"","meta":{"footnotes":""},"class_list":["post-1653","page","type-page","status-publish","hentry","wpbf-post"],"_links":{"self":[{"href":"https:\/\/turmschiefbahn.de\/index.php?rest_route=\/wp\/v2\/pages\/1653","targetHints":{"allow":["GET"]}}],"collection":[{"href":"https:\/\/turmschiefbahn.de\/index.php?rest_route=\/wp\/v2\/pages"}],"about":[{"href":"https:\/\/turmschiefbahn.de\/index.php?rest_route=\/wp\/v2\/types\/page"}],"author":[{"embeddable":true,"href":"https:\/\/turmschiefbahn.de\/index.php?rest_route=\/wp\/v2\/users\/7"}],"replies":[{"embeddable":true,"href":"https:\/\/turmschiefbahn.de\/index.php?rest_route=%2Fwp%2Fv2%2Fcomments&post=1653"}],"version-history":[{"count":106,"href":"https:\/\/turmschiefbahn.de\/index.php?rest_route=\/wp\/v2\/pages\/1653\/revisions"}],"predecessor-version":[{"id":2749,"href":"https:\/\/turmschiefbahn.de\/index.php?rest_route=\/wp\/v2\/pages\/1653\/revisions\/2749"}],"wp:attachment":[{"href":"https:\/\/turmschiefbahn.de\/index.php?rest_route=%2Fwp%2Fv2%2Fmedia&parent=1653"}],"curies":[{"name":"wp","href":"https:\/\/api.w.org\/{rel}","templated":true}]}}