{"id":2897,"date":"2023-01-04T15:09:08","date_gmt":"2023-01-04T14:09:08","guid":{"rendered":"https:\/\/turmschiefbahn.de\/?page_id=2897"},"modified":"2023-06-09T07:48:04","modified_gmt":"2023-06-09T05:48:04","slug":"1-offenes-regionales-u8-kinderschachturnier-in-willich-nrw-2","status":"publish","type":"page","link":"https:\/\/turmschiefbahn.de\/?page_id=2897","title":{"rendered":"2. RKST U8 in Willich(NRW)"},"content":{"rendered":"\n<p class=\"has-text-align-left\">Auf dieser Seite finden sich alle Informationen rund um das &#8222;2. Offenes regionales U8 Kinderschachturnier in Willich (NRW)&#8220; vom <strong>29.04.2023 \u2013 30.04.2023<\/strong>.<\/p>\n\n\n\n<ol class=\"wp-block-list\">\n<li><a href=\"https:\/\/turmschiefbahn.de\/wp-content\/uploads\/2023\/01\/Ausschreibung-RKST-Willich-2023-1.pdf\" data-type=\"URL\" data-id=\"https:\/\/turmschiefbahn.de\/wp-content\/uploads\/2023\/01\/Ausschreibung-RKST-Willich-2023-1.pdf\" target=\"_blank\" rel=\"noreferrer noopener\">Ausschreibung<\/a><\/li>\n\n\n\n<li><a rel=\"noreferrer noopener\" href=\"http:\/\/chess-results.com\/tnr714099.aspx?lan=0\" data-type=\"URL\" data-id=\"http:\/\/chess-results.com\/tnr714099.aspx?lan=0\" target=\"_blank\">Teilnehmerliste und Ergebnisse<\/a> <\/li>\n<\/ol>\n\n\n\n<ul class=\"wp-block-list\">\n<li>Qualifikationsturnier zur Deutschen Einzelmeisterschaften U8<\/li>\n\n\n\n<li>Rahmenprogramm f\u00fcr Kinder und Eltern<\/li>\n\n\n\n<li>Pokale f\u00fcr Rang 1- 3 f\u00fcr M\u00e4dchen und Jungs, sowie Teilnehmerpokale<\/li>\n<\/ul>\n\n\n\n<p>Alles ist bereit:<\/p>\n\n\n\n<figure class=\"wp-block-image aligncenter size-medium\"><a href=\"https:\/\/turmschiefbahn.de\/wp-content\/uploads\/2023\/04\/IMG-20230429-WA0000.jpg\"><img loading=\"lazy\" decoding=\"async\" width=\"640\" height=\"480\" src=\"https:\/\/turmschiefbahn.de\/wp-content\/uploads\/2023\/04\/IMG-20230429-WA0000-640x480.jpg\" alt=\"\" class=\"wp-image-3249\" srcset=\"https:\/\/turmschiefbahn.de\/wp-content\/uploads\/2023\/04\/IMG-20230429-WA0000-640x480.jpg 640w, https:\/\/turmschiefbahn.de\/wp-content\/uploads\/2023\/04\/IMG-20230429-WA0000-1024x768.jpg 1024w, https:\/\/turmschiefbahn.de\/wp-content\/uploads\/2023\/04\/IMG-20230429-WA0000-768x576.jpg 768w, https:\/\/turmschiefbahn.de\/wp-content\/uploads\/2023\/04\/IMG-20230429-WA0000-1536x1152.jpg 1536w, https:\/\/turmschiefbahn.de\/wp-content\/uploads\/2023\/04\/IMG-20230429-WA0000.jpg 2000w\" sizes=\"auto, (max-width: 640px) 100vw, 640px\" \/><\/a><\/figure>\n\n\n\n<p>Der erste Tag mit 3 Runden ist geschafft! 28 motivierte Kinder spielten ruhig und konzentriert.<\/p>\n\n\n\n<figure class=\"wp-block-image aligncenter size-medium\"><a href=\"https:\/\/turmschiefbahn.de\/wp-content\/uploads\/2023\/04\/20230429_160458-scaled.jpg\"><img loading=\"lazy\" decoding=\"async\" width=\"480\" height=\"640\" src=\"https:\/\/turmschiefbahn.de\/wp-content\/uploads\/2023\/04\/20230429_160458-480x640.jpg\" alt=\"\" class=\"wp-image-3253\" srcset=\"https:\/\/turmschiefbahn.de\/wp-content\/uploads\/2023\/04\/20230429_160458-480x640.jpg 480w, https:\/\/turmschiefbahn.de\/wp-content\/uploads\/2023\/04\/20230429_160458-768x1024.jpg 768w, https:\/\/turmschiefbahn.de\/wp-content\/uploads\/2023\/04\/20230429_160458-1152x1536.jpg 1152w, https:\/\/turmschiefbahn.de\/wp-content\/uploads\/2023\/04\/20230429_160458-1536x2048.jpg 1536w, https:\/\/turmschiefbahn.de\/wp-content\/uploads\/2023\/04\/20230429_160458-scaled.jpg 1920w\" sizes=\"auto, (max-width: 480px) 100vw, 480px\" \/><\/a><\/figure>\n\n\n\n<p> Vier Kinder haben nach dem ersten Tag 3 aus 3 Punkten. Morgen um 11 Uhr geht es weiter mit Runde 4!<\/p>\n\n\n\n<figure class=\"wp-block-image aligncenter size-medium\"><a href=\"https:\/\/turmschiefbahn.de\/wp-content\/uploads\/2023\/04\/20230429_160502-scaled.jpg\"><img loading=\"lazy\" decoding=\"async\" width=\"480\" height=\"640\" src=\"https:\/\/turmschiefbahn.de\/wp-content\/uploads\/2023\/04\/20230429_160502-480x640.jpg\" alt=\"\" class=\"wp-image-3254\" srcset=\"https:\/\/turmschiefbahn.de\/wp-content\/uploads\/2023\/04\/20230429_160502-480x640.jpg 480w, https:\/\/turmschiefbahn.de\/wp-content\/uploads\/2023\/04\/20230429_160502-768x1024.jpg 768w, https:\/\/turmschiefbahn.de\/wp-content\/uploads\/2023\/04\/20230429_160502-1152x1536.jpg 1152w, https:\/\/turmschiefbahn.de\/wp-content\/uploads\/2023\/04\/20230429_160502-1536x2048.jpg 1536w, https:\/\/turmschiefbahn.de\/wp-content\/uploads\/2023\/04\/20230429_160502-scaled.jpg 1920w\" sizes=\"auto, (max-width: 480px) 100vw, 480px\" \/><\/a><\/figure>\n\n\n\n<figure class=\"wp-block-image size-large\"><a href=\"https:\/\/turmschiefbahn.de\/wp-content\/uploads\/2023\/04\/IMG-20230430-WA0000.jpg\"><img loading=\"lazy\" decoding=\"async\" width=\"1024\" height=\"576\" src=\"https:\/\/turmschiefbahn.de\/wp-content\/uploads\/2023\/04\/IMG-20230430-WA0000-1024x576.jpg\" alt=\"\" class=\"wp-image-3258\" srcset=\"https:\/\/turmschiefbahn.de\/wp-content\/uploads\/2023\/04\/IMG-20230430-WA0000-1024x576.jpg 1024w, https:\/\/turmschiefbahn.de\/wp-content\/uploads\/2023\/04\/IMG-20230430-WA0000-640x360.jpg 640w, https:\/\/turmschiefbahn.de\/wp-content\/uploads\/2023\/04\/IMG-20230430-WA0000-768x432.jpg 768w, https:\/\/turmschiefbahn.de\/wp-content\/uploads\/2023\/04\/IMG-20230430-WA0000-1536x864.jpg 1536w, https:\/\/turmschiefbahn.de\/wp-content\/uploads\/2023\/04\/IMG-20230430-WA0000.jpg 2048w\" sizes=\"auto, (max-width: 1024px) 100vw, 1024px\" \/><\/a><\/figure>\n\n\n\n<figure class=\"wp-block-image size-large\"><a href=\"https:\/\/turmschiefbahn.de\/wp-content\/uploads\/2023\/04\/IMG-20230430-WA0002.jpg\"><img loading=\"lazy\" decoding=\"async\" width=\"1024\" height=\"576\" src=\"https:\/\/turmschiefbahn.de\/wp-content\/uploads\/2023\/04\/IMG-20230430-WA0002-1024x576.jpg\" alt=\"\" class=\"wp-image-3260\" srcset=\"https:\/\/turmschiefbahn.de\/wp-content\/uploads\/2023\/04\/IMG-20230430-WA0002-1024x576.jpg 1024w, https:\/\/turmschiefbahn.de\/wp-content\/uploads\/2023\/04\/IMG-20230430-WA0002-640x360.jpg 640w, https:\/\/turmschiefbahn.de\/wp-content\/uploads\/2023\/04\/IMG-20230430-WA0002-768x432.jpg 768w, https:\/\/turmschiefbahn.de\/wp-content\/uploads\/2023\/04\/IMG-20230430-WA0002-1536x864.jpg 1536w, https:\/\/turmschiefbahn.de\/wp-content\/uploads\/2023\/04\/IMG-20230430-WA0002.jpg 2048w\" sizes=\"auto, (max-width: 1024px) 100vw, 1024px\" \/><\/a><\/figure>\n\n\n\n<p>Am zweiten Tag wurde gespielt, gegrillt und Schatz gesucht:)<\/p>\n\n\n\n<figure class=\"wp-block-image size-large\"><a href=\"https:\/\/turmschiefbahn.de\/wp-content\/uploads\/2023\/04\/20230430_132155-scaled.jpg\"><img loading=\"lazy\" decoding=\"async\" width=\"1024\" height=\"690\" src=\"https:\/\/turmschiefbahn.de\/wp-content\/uploads\/2023\/04\/20230430_132155-1024x690.jpg\" alt=\"\" class=\"wp-image-3269\" srcset=\"https:\/\/turmschiefbahn.de\/wp-content\/uploads\/2023\/04\/20230430_132155-1024x690.jpg 1024w, https:\/\/turmschiefbahn.de\/wp-content\/uploads\/2023\/04\/20230430_132155-640x432.jpg 640w, https:\/\/turmschiefbahn.de\/wp-content\/uploads\/2023\/04\/20230430_132155-768x518.jpg 768w, https:\/\/turmschiefbahn.de\/wp-content\/uploads\/2023\/04\/20230430_132155-1536x1036.jpg 1536w, https:\/\/turmschiefbahn.de\/wp-content\/uploads\/2023\/04\/20230430_132155-2048x1381.jpg 2048w\" sizes=\"auto, (max-width: 1024px) 100vw, 1024px\" \/><\/a><\/figure>\n\n\n\n<p>Konstantin gewan das Turnier mit 5 Punkten aus 5 Partien!<\/p>\n\n\n\n<p>2.Platz: Boris, 3te Platz Leon! Herzlichen Gl\u00fcckwunsch!<\/p>\n\n\n\n<figure class=\"wp-block-image size-large\"><a href=\"https:\/\/turmschiefbahn.de\/wp-content\/uploads\/2023\/04\/20230430_152124-scaled.jpg\"><img loading=\"lazy\" decoding=\"async\" width=\"768\" height=\"1024\" src=\"https:\/\/turmschiefbahn.de\/wp-content\/uploads\/2023\/04\/20230430_152124-768x1024.jpg\" alt=\"\" class=\"wp-image-3262\" srcset=\"https:\/\/turmschiefbahn.de\/wp-content\/uploads\/2023\/04\/20230430_152124-768x1024.jpg 768w, https:\/\/turmschiefbahn.de\/wp-content\/uploads\/2023\/04\/20230430_152124-480x640.jpg 480w, https:\/\/turmschiefbahn.de\/wp-content\/uploads\/2023\/04\/20230430_152124-1152x1536.jpg 1152w, https:\/\/turmschiefbahn.de\/wp-content\/uploads\/2023\/04\/20230430_152124-1536x2048.jpg 1536w, https:\/\/turmschiefbahn.de\/wp-content\/uploads\/2023\/04\/20230430_152124-scaled.jpg 1920w\" sizes=\"auto, (max-width: 768px) 100vw, 768px\" \/><\/a><\/figure>\n\n\n\n<p>Drei Siegerin \u2764\ufe0f mit Pokalen und Preisen!<\/p>\n\n\n\n<figure class=\"wp-block-image size-large\"><a href=\"https:\/\/turmschiefbahn.de\/wp-content\/uploads\/2023\/04\/20230430_152153-scaled.jpg\"><img loading=\"lazy\" decoding=\"async\" width=\"768\" height=\"1024\" src=\"https:\/\/turmschiefbahn.de\/wp-content\/uploads\/2023\/04\/20230430_152153-768x1024.jpg\" alt=\"\" class=\"wp-image-3265\" srcset=\"https:\/\/turmschiefbahn.de\/wp-content\/uploads\/2023\/04\/20230430_152153-768x1024.jpg 768w, https:\/\/turmschiefbahn.de\/wp-content\/uploads\/2023\/04\/20230430_152153-480x640.jpg 480w, https:\/\/turmschiefbahn.de\/wp-content\/uploads\/2023\/04\/20230430_152153-1152x1536.jpg 1152w, https:\/\/turmschiefbahn.de\/wp-content\/uploads\/2023\/04\/20230430_152153-1536x2048.jpg 1536w, https:\/\/turmschiefbahn.de\/wp-content\/uploads\/2023\/04\/20230430_152153-scaled.jpg 1920w\" sizes=\"auto, (max-width: 768px) 100vw, 768px\" \/><\/a><\/figure>\n","protected":false},"excerpt":{"rendered":"<p>Auf dieser Seite finden sich alle Informationen rund um das &#8222;2. Offenes regionales U8 Kinderschachturnier in Willich (NRW)&#8220; vom 29.04.2023 \u2013 30.04.2023. Alles ist bereit: Der erste Tag mit 3 Runden ist geschafft! 28 motivierte Kinder spielten ruhig und konzentriert. Vier Kinder haben nach dem ersten Tag 3 aus 3 Punkten. Morgen um 11 Uhr [&hellip;]<\/p>\n","protected":false},"author":7,"featured_media":0,"parent":0,"menu_order":0,"comment_status":"closed","ping_status":"closed","template":"","meta":{"footnotes":""},"class_list":["post-2897","page","type-page","status-publish","hentry","wpbf-post"],"_links":{"self":[{"href":"https:\/\/turmschiefbahn.de\/index.php?rest_route=\/wp\/v2\/pages\/2897","targetHints":{"allow":["GET"]}}],"collection":[{"href":"https:\/\/turmschiefbahn.de\/index.php?rest_route=\/wp\/v2\/pages"}],"about":[{"href":"https:\/\/turmschiefbahn.de\/index.php?rest_route=\/wp\/v2\/types\/page"}],"author":[{"embeddable":true,"href":"https:\/\/turmschiefbahn.de\/index.php?rest_route=\/wp\/v2\/users\/7"}],"replies":[{"embeddable":true,"href":"https:\/\/turmschiefbahn.de\/index.php?rest_route=%2Fwp%2Fv2%2Fcomments&post=2897"}],"version-history":[{"count":19,"href":"https:\/\/turmschiefbahn.de\/index.php?rest_route=\/wp\/v2\/pages\/2897\/revisions"}],"predecessor-version":[{"id":3609,"href":"https:\/\/turmschiefbahn.de\/index.php?rest_route=\/wp\/v2\/pages\/2897\/revisions\/3609"}],"wp:attachment":[{"href":"https:\/\/turmschiefbahn.de\/index.php?rest_route=%2Fwp%2Fv2%2Fmedia&parent=2897"}],"curies":[{"name":"wp","href":"https:\/\/api.w.org\/{rel}","templated":true}]}}