{"id":3078,"date":"2023-03-28T19:59:29","date_gmt":"2023-03-28T17:59:29","guid":{"rendered":"https:\/\/turmschiefbahn.de\/?page_id=3078"},"modified":"2023-05-30T08:22:42","modified_gmt":"2023-05-30T06:22:42","slug":"pokalturnier-turm-schiefbahn-2022-2","status":"publish","type":"page","link":"https:\/\/turmschiefbahn.de\/?page_id=3078","title":{"rendered":"Vereinsmeisterschaft 2023"},"content":{"rendered":"\n<p><a href=\"https:\/\/turmschiefbahn.de\/wp-content\/uploads\/2023\/03\/Ausschreibung_Vereinsmeisterschaft_2023.pdf\" data-type=\"URL\" data-id=\"https:\/\/turmschiefbahn.de\/wp-content\/uploads\/2023\/03\/Ausschreibung_Vereinsmeisterschaft_2023.pdf\" target=\"_blank\" rel=\"noreferrer noopener\">Ausschreibung<\/a><\/p>\n\n\n\n<p>Termine: 20.04.2023, 27.04.2023, 04.05.2023, 11.05.2023, 25.05.2023<\/p>\n\n\n\n<p><strong>Abschlu\u00dfbericht<\/strong><\/p>\n\n\n\n<p>Nach 5 gespielten Runden stand fest, dass Nils Segermann, der diesj\u00e4hrige Vereinsmeister des SK Turm Schiefbahn ist. Denkbar knapp mit 4 \u00bd aus 5 Punkten vor Gero Meller mit 4 aus 5 Punkten. 3. wurde Marvin Walter der 3,5 von 5 Punkten holte.<\/p>\n\n\n\n<p>Bereits in der ersten Runde bahnte sich eine kleine \u00dcberraschung an, als Nils den Top gesetzten Frank besiegte.<\/p>\n\n\n\n<p>In der 2. Runde konnten sich die vermeintlichen Favoriten durchsetzen. Spannend war vor allem das Duell zwischen Gero und Fabian, welches letztendlich Gero f\u00fcr sich entscheiden und sich somit weitere Hoffnungen auf den Sieg machen konnte. Aber auch Dieter hat sich lange wacker gegen Marvin geschlagen und wurde dann erst im Endspiel m\u00fchsam zu einer Niederlage gebracht.<\/p>\n\n\n\n<p>In der 3. Runde standen dann mit Marvin gegen Nils und Frank gegen Fabian 2 Spitzenduelle gegen\u00fcber. In der Partie zwischen Nils und Marvin konnte sich Nils knapp durchsetzen. Auch Frank konnte die Partie f\u00fcr sich entscheiden, nachdem er Fabian mit einem wundersch\u00f6nen Matt (mit 2 Springern) besiegte. W\u00e4hrenddessen holte auch Daniel seinen 2. Punkt, indem er Moritz besiegte. Auch Nicolai konnte nun seinen ersten Punkt gegen Alan einfahren.<\/p>\n\n\n\n<p>In der 4. Runde kam es dann zum Duell zwischen Nils und Gero, dass mit einem Remis enden sollte. Marvin lies Fabian in seinem Spiel kaum eine Chance und holte den n\u00e4chsten Punkt. Dieter gewann ebenfalls gegen Nicolai und Alan holte seinen ersten Punkt gegen Moritz. Die gr\u00f6\u00dfte \u00dcberraschung jedoch war Daniel, der gegen Frank ein Remis erzielen konnte. Frank kam schlecht aus der Er\u00f6ffnung raus und Daniel nutzte dies bis zum Endspiel aus, bei dem Frank sogar noch aufpassen musste nicht Matt gesetzt zu werden.<\/p>\n\n\n\n<p>Die letzte Runde wurde gespielt. Nicolai verrechnete sich in seiner Partie mit der Umwandlung zu einer Dame und somit konnte Moritz auch seinen verdienten Punkt erlangen. Nils hatte in seiner Partie gegen Daniel Gl\u00fcck, dass dieser ein Matt in 3 \u00fcbersehen hatte. Somit konnte sich Nils am Ende doch noch gegen Daniel durchsetzen. Daniel hat dennoch mal wieder gezeigt, dass er bei den Turnieren in super starker Verfassung ist und man ihn auf keinen Fall untersch\u00e4tzen darf.<\/p>\n\n\n\n<p>F\u00fcr Nils war klar, dass er nach dem Sieg (aufgrund der besseren Buchholzwertung) nur noch schwer einzuholen war. Zudem musste Gero auch noch gegen den vermeintlich Spielst\u00e4rken Marvin spielen. Die beiden einigten sich auf ein Remis. Frank gewann gegen Dieter. F\u00fcr Platz 3 hat es dennoch aufgrund von Marvins besserer Buchholzwertung knapp nicht gereicht. Alan hatte gegen Fabian eine Zeit lang einen Bauern mehr. Dennoch konnte Fabian seiner Favoritenrolle gerecht werden und sich den n\u00e4chsten Punkt holen.<\/p>\n\n\n\n<p>F\u00fcr die Abschlusstabelle bedeutet das&#8230;.<\/p>\n\n\n\n<figure class=\"wp-block-image aligncenter size-medium\"><a href=\"https:\/\/turmschiefbahn.de\/wp-content\/uploads\/2023\/05\/Tabelle_Vereinsmeisterschaft_2023.jpg\"><img loading=\"lazy\" decoding=\"async\" width=\"640\" height=\"175\" src=\"https:\/\/turmschiefbahn.de\/wp-content\/uploads\/2023\/05\/Tabelle_Vereinsmeisterschaft_2023-640x175.jpg\" alt=\"\" class=\"wp-image-3324\" srcset=\"https:\/\/turmschiefbahn.de\/wp-content\/uploads\/2023\/05\/Tabelle_Vereinsmeisterschaft_2023-640x175.jpg 640w, https:\/\/turmschiefbahn.de\/wp-content\/uploads\/2023\/05\/Tabelle_Vereinsmeisterschaft_2023-1024x281.jpg 1024w, https:\/\/turmschiefbahn.de\/wp-content\/uploads\/2023\/05\/Tabelle_Vereinsmeisterschaft_2023-768x210.jpg 768w, https:\/\/turmschiefbahn.de\/wp-content\/uploads\/2023\/05\/Tabelle_Vereinsmeisterschaft_2023.jpg 1449w\" sizes=\"auto, (max-width: 640px) 100vw, 640px\" \/><\/a><\/figure>\n","protected":false},"excerpt":{"rendered":"<p>Ausschreibung Termine: 20.04.2023, 27.04.2023, 04.05.2023, 11.05.2023, 25.05.2023 Abschlu\u00dfbericht Nach 5 gespielten Runden stand fest, dass Nils Segermann, der diesj\u00e4hrige Vereinsmeister des SK Turm Schiefbahn ist. Denkbar knapp mit 4 \u00bd aus 5 Punkten vor Gero Meller mit 4 aus 5 Punkten. 3. wurde Marvin Walter der 3,5 von 5 Punkten holte. Bereits in der ersten [&hellip;]<\/p>\n","protected":false},"author":7,"featured_media":0,"parent":0,"menu_order":0,"comment_status":"closed","ping_status":"closed","template":"","meta":{"footnotes":""},"class_list":["post-3078","page","type-page","status-publish","hentry","wpbf-post"],"_links":{"self":[{"href":"https:\/\/turmschiefbahn.de\/index.php?rest_route=\/wp\/v2\/pages\/3078","targetHints":{"allow":["GET"]}}],"collection":[{"href":"https:\/\/turmschiefbahn.de\/index.php?rest_route=\/wp\/v2\/pages"}],"about":[{"href":"https:\/\/turmschiefbahn.de\/index.php?rest_route=\/wp\/v2\/types\/page"}],"author":[{"embeddable":true,"href":"https:\/\/turmschiefbahn.de\/index.php?rest_route=\/wp\/v2\/users\/7"}],"replies":[{"embeddable":true,"href":"https:\/\/turmschiefbahn.de\/index.php?rest_route=%2Fwp%2Fv2%2Fcomments&post=3078"}],"version-history":[{"count":11,"href":"https:\/\/turmschiefbahn.de\/index.php?rest_route=\/wp\/v2\/pages\/3078\/revisions"}],"predecessor-version":[{"id":3328,"href":"https:\/\/turmschiefbahn.de\/index.php?rest_route=\/wp\/v2\/pages\/3078\/revisions\/3328"}],"wp:attachment":[{"href":"https:\/\/turmschiefbahn.de\/index.php?rest_route=%2Fwp%2Fv2%2Fmedia&parent=3078"}],"curies":[{"name":"wp","href":"https:\/\/api.w.org\/{rel}","templated":true}]}}