{"id":3664,"date":"2023-07-08T16:37:44","date_gmt":"2023-07-08T14:37:44","guid":{"rendered":"https:\/\/turmschiefbahn.de\/?page_id=3664"},"modified":"2023-08-13T18:36:51","modified_gmt":"2023-08-13T16:36:51","slug":"winfried-mangels-gedaechtnisturnier-willicher-stadtmeisterschaft-2023","status":"publish","type":"page","link":"https:\/\/turmschiefbahn.de\/?page_id=3664","title":{"rendered":"Winfried Mangels Ged\u00e4chtnisturnier &#8211; Offene Willicher Stadtmeisterschaft 2023"},"content":{"rendered":"\n<p>Nach langer Zeit m\u00f6chten wir wieder ein offenes Turnier in den Klubr\u00e4umen des Turm Schiefbahn 1931 durchf\u00fchren. Unser Turnier beginnt am 11.8.2023 und endet am 10.11.2023 mit der Siegerehrung und anschlie\u00dfender offener Blitzmeisterschaft.<\/p>\n\n\n\n<p><a rel=\"noreferrer noopener\" href=\"https:\/\/turmschiefbahn.de\/wp-content\/uploads\/2023\/06\/Winfried-Mangels-Gedaechtnisturnier-Offene-Willicher-Stadtmeisterschaft-2023.pdf\" data-type=\"URL\" data-id=\"https:\/\/turmschiefbahn.de\/wp-content\/uploads\/2023\/06\/Winfried-Mangels-Gedaechtnisturnier-Offene-Willicher-Stadtmeisterschaft-2023.pdf\" target=\"_blank\">Ausschreibung<\/a><\/p>\n\n\n\n<p><a href=\"https:\/\/chess-results.com\/tnr792259.aspx?lan=0\" data-type=\"URL\" data-id=\"https:\/\/chess-results.com\/tnr792259.aspx?lan=0\" target=\"_blank\" rel=\"noreferrer noopener\">Teilnehmerliste, Paarungen, Ergebnisse<\/a><\/p>\n\n\n\n<p>Keine Anmeldung mehr m\u00f6glich!<\/p>\n","protected":false},"excerpt":{"rendered":"<p>Nach langer Zeit m\u00f6chten wir wieder ein offenes Turnier in den Klubr\u00e4umen des Turm Schiefbahn 1931 durchf\u00fchren. Unser Turnier beginnt am 11.8.2023 und endet am 10.11.2023 mit der Siegerehrung und anschlie\u00dfender offener Blitzmeisterschaft. Ausschreibung Teilnehmerliste, Paarungen, Ergebnisse Keine Anmeldung mehr m\u00f6glich!<\/p>\n","protected":false},"author":7,"featured_media":0,"parent":0,"menu_order":0,"comment_status":"closed","ping_status":"closed","template":"","meta":{"footnotes":""},"class_list":["post-3664","page","type-page","status-publish","hentry","wpbf-post"],"_links":{"self":[{"href":"https:\/\/turmschiefbahn.de\/index.php?rest_route=\/wp\/v2\/pages\/3664","targetHints":{"allow":["GET"]}}],"collection":[{"href":"https:\/\/turmschiefbahn.de\/index.php?rest_route=\/wp\/v2\/pages"}],"about":[{"href":"https:\/\/turmschiefbahn.de\/index.php?rest_route=\/wp\/v2\/types\/page"}],"author":[{"embeddable":true,"href":"https:\/\/turmschiefbahn.de\/index.php?rest_route=\/wp\/v2\/users\/7"}],"replies":[{"embeddable":true,"href":"https:\/\/turmschiefbahn.de\/index.php?rest_route=%2Fwp%2Fv2%2Fcomments&post=3664"}],"version-history":[{"count":25,"href":"https:\/\/turmschiefbahn.de\/index.php?rest_route=\/wp\/v2\/pages\/3664\/revisions"}],"predecessor-version":[{"id":3904,"href":"https:\/\/turmschiefbahn.de\/index.php?rest_route=\/wp\/v2\/pages\/3664\/revisions\/3904"}],"wp:attachment":[{"href":"https:\/\/turmschiefbahn.de\/index.php?rest_route=%2Fwp%2Fv2%2Fmedia&parent=3664"}],"curies":[{"name":"wp","href":"https:\/\/api.w.org\/{rel}","templated":true}]}}