{"id":4298,"date":"2024-01-08T09:48:32","date_gmt":"2024-01-08T08:48:32","guid":{"rendered":"https:\/\/turmschiefbahn.de\/?page_id=4298"},"modified":"2024-04-09T07:35:00","modified_gmt":"2024-04-09T05:35:00","slug":"3-willicher-wochenendturnier","status":"publish","type":"page","link":"https:\/\/turmschiefbahn.de\/?page_id=4298","title":{"rendered":"3. Willicher Wochenendturnier"},"content":{"rendered":"\n<p>Vom <strong>16.03.2024 &#8211; 17.03.2024 <\/strong>findet unser 3. Willicher Wochenendturnier statt. Dieses mal mit einer \u00c4nderung, der Auslosung nach dem beschleunigtem <a href=\"https:\/\/de.wikipedia.org\/wiki\/Schweizer_System\" data-type=\"link\" data-id=\"https:\/\/de.wikipedia.org\/wiki\/Schweizer_System\">Schweizer System.<\/a><\/p>\n\n\n\n<p>Hier findet ihr unsere <a href=\"https:\/\/turmschiefbahn.de\/wp-content\/uploads\/2024\/01\/Willicher-Wochenend-Turnier-2024-Ausschreibung.pdf\" data-type=\"link\" data-id=\"https:\/\/turmschiefbahn.de\/wp-content\/uploads\/2024\/01\/Willicher-Wochenend-Turnier-2024-Ausschreibung.pdf\" target=\"_blank\" rel=\"noreferrer noopener\">Ausschreibung<\/a> und <a href=\"https:\/\/chess-results.com\/tnr876228.aspx?lan=0\">Teilnehmerliste, Paarungen, Ergebnisse<\/a>.<\/p>\n\n\n\n<p>Beim 3.Willicher Wochenendturnier kamen aus unterschiedlichen Ecken Deutschlands 133 Spielerinnen und Spieler zusammen. Wie jedes Jahr haben wir uns sehr \u00fcber viele Kinder gefreut, dieses Mal waren 74 U18 Spieler dabei. Der j\u00fcngste Teilnehmer kam aus D\u00fcsseldorf (DSV) und ist gerade 7 Jahre alt, der \u00c4lteste 75. Buntgemischt aber fair und mit viel Spa\u00df stand nach zwei sch\u00f6nen Tagen der Turniersieger mit 4,5 Punkten aus 5 Partien fest &#8211; <strong>Maximilian Menzel<\/strong>, Herzlichen Gl\u00fcckwunsch!<\/p>\n\n\n\n<p>Der zweiter Platz ging an FM Heiko Kummerow mit 4 Punkten aus 5 Partien!<\/p>\n\n\n\n<p>Den dritten Platz belegte Ahmet Fakhan auch mit 4 Punkten aus 5 Partien!<\/p>\n\n\n\n<p>Bericht auf <a href=\"https:\/\/rp-online.de\/nrw\/staedte\/willich\/schachclub-turm-spiel-der-koenige-im-kulturzentrum-schiefbahn_aid-108802189\">rp-online<\/a><a href=\"https:\/\/rp-online.de\/nrw\/staedte\/willich\/schachclub-turm-spiel-der-koenige-im-kulturzentrum-schiefbahn_aid-108802189\" target=\"_blank\" rel=\"noreferrer noopener\">.<\/a><a href=\"https:\/\/rp-online.de\/nrw\/staedte\/willich\/schachclub-turm-spiel-der-koenige-im-kulturzentrum-schiefbahn_aid-108802189\">de<\/a><\/p>\n\n\n\n<p><strong>Ergebnislisten<\/strong><br \/><br \/><a href=\"https:\/\/turmschiefbahn.de\/wp-content\/uploads\/2024\/04\/WWT2024-Rangliste.pdf\" data-type=\"link\" data-id=\"https:\/\/turmschiefbahn.de\/wp-content\/uploads\/2024\/04\/WWT2024-Rangliste.pdf\">Rangliste<\/a><br \/>Ratingruppen &#8211; <a href=\"https:\/\/turmschiefbahn.de\/wp-content\/uploads\/2024\/04\/WWT2024-0-999-DWZ.pdf\" data-type=\"link\" data-id=\"https:\/\/turmschiefbahn.de\/wp-content\/uploads\/2024\/04\/WWT2024-0-999-DWZ.pdf\">999<\/a> <a href=\"https:\/\/turmschiefbahn.de\/wp-content\/uploads\/2024\/04\/WWT2024-1000-1250-DWZ.pdf\" data-type=\"link\" data-id=\"https:\/\/turmschiefbahn.de\/wp-content\/uploads\/2024\/04\/WWT2024-1000-1250-DWZ.pdf\">1250<\/a> <a href=\"https:\/\/turmschiefbahn.de\/wp-content\/uploads\/2024\/04\/WWT2024-1251-1500.pdf\" data-type=\"link\" data-id=\"https:\/\/turmschiefbahn.de\/wp-content\/uploads\/2024\/04\/WWT2024-1251-1500.pdf\">1500<\/a> <a href=\"https:\/\/turmschiefbahn.de\/wp-content\/uploads\/2024\/04\/WWT2024-1501-1700-DWZ.pdf\" data-type=\"link\" data-id=\"https:\/\/turmschiefbahn.de\/wp-content\/uploads\/2024\/04\/WWT2024-1501-1700-DWZ.pdf\">1700<\/a> <a href=\"https:\/\/turmschiefbahn.de\/wp-content\/uploads\/2024\/04\/WWT2024-1701-1900.pdf\" data-type=\"link\" data-id=\"https:\/\/turmschiefbahn.de\/wp-content\/uploads\/2024\/04\/WWT2024-1701-1900.pdf\">1900<\/a><br \/><a href=\"https:\/\/turmschiefbahn.de\/wp-content\/uploads\/2024\/04\/WWT2024-Damenpreis.pdf\" data-type=\"link\" data-id=\"https:\/\/turmschiefbahn.de\/wp-content\/uploads\/2024\/04\/WWT2024-Damenpreis.pdf\">Damen<\/a><br \/><a href=\"https:\/\/turmschiefbahn.de\/wp-content\/uploads\/2024\/04\/WWT2024-Jugendpreis-u12.pdf\" data-type=\"link\" data-id=\"https:\/\/turmschiefbahn.de\/wp-content\/uploads\/2024\/04\/WWT2024-Jugendpreis-u12.pdf\">Jugend-U12 <\/a><br \/><a href=\"https:\/\/turmschiefbahn.de\/wp-content\/uploads\/2024\/04\/WWT2024-Jugendpreis-u18.pdf\" data-type=\"link\" data-id=\"https:\/\/turmschiefbahn.de\/wp-content\/uploads\/2024\/04\/WWT2024-Jugendpreis-u18.pdf\">Jugend-18<\/a><br \/><a href=\"https:\/\/turmschiefbahn.de\/wp-content\/uploads\/2024\/04\/WWT2024-Seniorenpreis.pdf\" data-type=\"link\" data-id=\"https:\/\/turmschiefbahn.de\/wp-content\/uploads\/2024\/04\/WWT2024-Seniorenpreis.pdf\">Senioren<\/a><\/p>\n\n\n\n<figure class=\"wp-block-gallery has-nested-images columns-default is-cropped wp-block-gallery-1 is-layout-flex wp-block-gallery-is-layout-flex\">\n<figure class=\"wp-block-image size-large\"><a href=\"https:\/\/turmschiefbahn.de\/wp-content\/uploads\/2024\/03\/WWT-2024-Sieger.jpg\"><img loading=\"lazy\" decoding=\"async\" width=\"1024\" height=\"768\" data-id=\"4521\" src=\"https:\/\/turmschiefbahn.de\/wp-content\/uploads\/2024\/03\/WWT-2024-Sieger-1024x768.jpg\" alt=\"\" class=\"wp-image-4521\" srcset=\"https:\/\/turmschiefbahn.de\/wp-content\/uploads\/2024\/03\/WWT-2024-Sieger-1024x768.jpg 1024w, https:\/\/turmschiefbahn.de\/wp-content\/uploads\/2024\/03\/WWT-2024-Sieger-640x480.jpg 640w, https:\/\/turmschiefbahn.de\/wp-content\/uploads\/2024\/03\/WWT-2024-Sieger-768x576.jpg 768w, https:\/\/turmschiefbahn.de\/wp-content\/uploads\/2024\/03\/WWT-2024-Sieger-1536x1152.jpg 1536w, https:\/\/turmschiefbahn.de\/wp-content\/uploads\/2024\/03\/WWT-2024-Sieger.jpg 2048w\" sizes=\"auto, (max-width: 1024px) 100vw, 1024px\" \/><\/a><figcaption class=\"wp-element-caption\">Siegerehrung! Herzlichen Gl\u00fcckwunsch an alle Preistr\u00e4ger!<\/figcaption><\/figure>\n<\/figure>\n\n\n\n<p><\/p>\n\n\n\n<figure class=\"wp-block-image size-large is-resized\"><a href=\"https:\/\/turmschiefbahn.de\/wp-content\/uploads\/2024\/04\/20240315_200046-1-scaled.jpg\"><img loading=\"lazy\" decoding=\"async\" width=\"768\" height=\"1024\" src=\"https:\/\/turmschiefbahn.de\/wp-content\/uploads\/2024\/04\/20240315_200046-1-768x1024.jpg\" alt=\"\" class=\"wp-image-4568\" style=\"width:1000px;height:auto\" srcset=\"https:\/\/turmschiefbahn.de\/wp-content\/uploads\/2024\/04\/20240315_200046-1-768x1024.jpg 768w, https:\/\/turmschiefbahn.de\/wp-content\/uploads\/2024\/04\/20240315_200046-1-480x640.jpg 480w, https:\/\/turmschiefbahn.de\/wp-content\/uploads\/2024\/04\/20240315_200046-1-1152x1536.jpg 1152w, https:\/\/turmschiefbahn.de\/wp-content\/uploads\/2024\/04\/20240315_200046-1-1536x2048.jpg 1536w, https:\/\/turmschiefbahn.de\/wp-content\/uploads\/2024\/04\/20240315_200046-1-scaled.jpg 1920w\" sizes=\"auto, (max-width: 768px) 100vw, 768px\" \/><\/a><figcaption class=\"wp-element-caption\">Alles bereit zum Turnierstart! Vielen Dank an unsere kleine und gro\u00dfe Helfer!<\/figcaption><\/figure>\n\n\n\n<figure class=\"wp-block-image size-large\"><a href=\"https:\/\/turmschiefbahn.de\/wp-content\/uploads\/2024\/04\/20240317_095144-scaled.jpg\"><img loading=\"lazy\" decoding=\"async\" width=\"1024\" height=\"768\" src=\"https:\/\/turmschiefbahn.de\/wp-content\/uploads\/2024\/04\/20240317_095144-1024x768.jpg\" alt=\"\" class=\"wp-image-4570\" srcset=\"https:\/\/turmschiefbahn.de\/wp-content\/uploads\/2024\/04\/20240317_095144-1024x768.jpg 1024w, https:\/\/turmschiefbahn.de\/wp-content\/uploads\/2024\/04\/20240317_095144-640x480.jpg 640w, https:\/\/turmschiefbahn.de\/wp-content\/uploads\/2024\/04\/20240317_095144-768x576.jpg 768w, https:\/\/turmschiefbahn.de\/wp-content\/uploads\/2024\/04\/20240317_095144-1536x1152.jpg 1536w, https:\/\/turmschiefbahn.de\/wp-content\/uploads\/2024\/04\/20240317_095144-2048x1536.jpg 2048w\" sizes=\"auto, (max-width: 1024px) 100vw, 1024px\" \/><\/a><figcaption class=\"wp-element-caption\">SK Turm Schiefbahn 1931 on tour:)<\/figcaption><\/figure>\n\n\n\n<figure class=\"wp-block-image size-large is-resized\"><a href=\"https:\/\/turmschiefbahn.de\/wp-content\/uploads\/2024\/04\/IMG-20240317-WA0016.jpg\"><img loading=\"lazy\" decoding=\"async\" width=\"576\" height=\"1024\" src=\"https:\/\/turmschiefbahn.de\/wp-content\/uploads\/2024\/04\/IMG-20240317-WA0016-576x1024.jpg\" alt=\"\" class=\"wp-image-4571\" style=\"width:1000px;height:auto\" srcset=\"https:\/\/turmschiefbahn.de\/wp-content\/uploads\/2024\/04\/IMG-20240317-WA0016-576x1024.jpg 576w, https:\/\/turmschiefbahn.de\/wp-content\/uploads\/2024\/04\/IMG-20240317-WA0016-360x640.jpg 360w, https:\/\/turmschiefbahn.de\/wp-content\/uploads\/2024\/04\/IMG-20240317-WA0016-768x1365.jpg 768w, https:\/\/turmschiefbahn.de\/wp-content\/uploads\/2024\/04\/IMG-20240317-WA0016-864x1536.jpg 864w, https:\/\/turmschiefbahn.de\/wp-content\/uploads\/2024\/04\/IMG-20240317-WA0016.jpg 1134w\" sizes=\"auto, (max-width: 576px) 100vw, 576px\" \/><\/a><\/figure>\n\n\n\n<figure class=\"wp-block-image size-large is-resized\"><a href=\"https:\/\/turmschiefbahn.de\/wp-content\/uploads\/2024\/04\/IMG-20240317-WA0008.jpg\"><img loading=\"lazy\" decoding=\"async\" width=\"576\" height=\"1024\" src=\"https:\/\/turmschiefbahn.de\/wp-content\/uploads\/2024\/04\/IMG-20240317-WA0008-576x1024.jpg\" alt=\"\" class=\"wp-image-4573\" style=\"width:1000px;height:auto\" srcset=\"https:\/\/turmschiefbahn.de\/wp-content\/uploads\/2024\/04\/IMG-20240317-WA0008-576x1024.jpg 576w, https:\/\/turmschiefbahn.de\/wp-content\/uploads\/2024\/04\/IMG-20240317-WA0008-360x640.jpg 360w, https:\/\/turmschiefbahn.de\/wp-content\/uploads\/2024\/04\/IMG-20240317-WA0008-768x1365.jpg 768w, https:\/\/turmschiefbahn.de\/wp-content\/uploads\/2024\/04\/IMG-20240317-WA0008-864x1536.jpg 864w, https:\/\/turmschiefbahn.de\/wp-content\/uploads\/2024\/04\/IMG-20240317-WA0008.jpg 1134w\" sizes=\"auto, (max-width: 576px) 100vw, 576px\" \/><\/a><\/figure>\n\n\n\n<figure class=\"wp-block-image size-large is-resized\"><a href=\"https:\/\/turmschiefbahn.de\/wp-content\/uploads\/2024\/04\/IMG-20240317-WA0010.jpg\"><img loading=\"lazy\" decoding=\"async\" width=\"576\" height=\"1024\" src=\"https:\/\/turmschiefbahn.de\/wp-content\/uploads\/2024\/04\/IMG-20240317-WA0010-576x1024.jpg\" alt=\"\" class=\"wp-image-4574\" style=\"width:1000px;height:auto\" srcset=\"https:\/\/turmschiefbahn.de\/wp-content\/uploads\/2024\/04\/IMG-20240317-WA0010-576x1024.jpg 576w, https:\/\/turmschiefbahn.de\/wp-content\/uploads\/2024\/04\/IMG-20240317-WA0010-360x640.jpg 360w, https:\/\/turmschiefbahn.de\/wp-content\/uploads\/2024\/04\/IMG-20240317-WA0010-768x1365.jpg 768w, https:\/\/turmschiefbahn.de\/wp-content\/uploads\/2024\/04\/IMG-20240317-WA0010-864x1536.jpg 864w, https:\/\/turmschiefbahn.de\/wp-content\/uploads\/2024\/04\/IMG-20240317-WA0010.jpg 1134w\" sizes=\"auto, (max-width: 576px) 100vw, 576px\" \/><\/a><\/figure>\n\n\n\n<p>Wir bedanken uns f\u00fcr dieses Schachfest und das ihr dabei wart!<\/p>\n","protected":false},"excerpt":{"rendered":"<p>Vom 16.03.2024 &#8211; 17.03.2024 findet unser 3. Willicher Wochenendturnier statt. Dieses mal mit einer \u00c4nderung, der Auslosung nach dem beschleunigtem Schweizer System. Hier findet ihr unsere Ausschreibung und Teilnehmerliste, Paarungen, Ergebnisse. Beim 3.Willicher Wochenendturnier kamen aus unterschiedlichen Ecken Deutschlands 133 Spielerinnen und Spieler zusammen. Wie jedes Jahr haben wir uns sehr \u00fcber viele Kinder gefreut, [&hellip;]<\/p>\n","protected":false},"author":7,"featured_media":0,"parent":0,"menu_order":0,"comment_status":"closed","ping_status":"closed","template":"","meta":{"footnotes":""},"class_list":["post-4298","page","type-page","status-publish","hentry","wpbf-post"],"_links":{"self":[{"href":"https:\/\/turmschiefbahn.de\/index.php?rest_route=\/wp\/v2\/pages\/4298","targetHints":{"allow":["GET"]}}],"collection":[{"href":"https:\/\/turmschiefbahn.de\/index.php?rest_route=\/wp\/v2\/pages"}],"about":[{"href":"https:\/\/turmschiefbahn.de\/index.php?rest_route=\/wp\/v2\/types\/page"}],"author":[{"embeddable":true,"href":"https:\/\/turmschiefbahn.de\/index.php?rest_route=\/wp\/v2\/users\/7"}],"replies":[{"embeddable":true,"href":"https:\/\/turmschiefbahn.de\/index.php?rest_route=%2Fwp%2Fv2%2Fcomments&post=4298"}],"version-history":[{"count":50,"href":"https:\/\/turmschiefbahn.de\/index.php?rest_route=\/wp\/v2\/pages\/4298\/revisions"}],"predecessor-version":[{"id":4630,"href":"https:\/\/turmschiefbahn.de\/index.php?rest_route=\/wp\/v2\/pages\/4298\/revisions\/4630"}],"wp:attachment":[{"href":"https:\/\/turmschiefbahn.de\/index.php?rest_route=%2Fwp%2Fv2%2Fmedia&parent=4298"}],"curies":[{"name":"wp","href":"https:\/\/api.w.org\/{rel}","templated":true}]}}