{"id":5343,"date":"2025-02-10T08:50:44","date_gmt":"2025-02-10T07:50:44","guid":{"rendered":"https:\/\/turmschiefbahn.de\/?page_id=5343"},"modified":"2025-02-10T10:01:39","modified_gmt":"2025-02-10T09:01:39","slug":"jugend-turniere","status":"publish","type":"page","link":"https:\/\/turmschiefbahn.de\/?page_id=5343","title":{"rendered":"Jugend &#8211; Turniere"},"content":{"rendered":"\n<p>Unsere Jugendlichen haben die M\u00f6glichkeit, an zahlreichen Einzelmeisterschaften und offenen Turnieren teilzunehmen. Wenn m\u00f6glich versuchen wir hierbei, mit gr\u00f6\u00dferen Gruppen vor Ort zu sein, um den Zusammenhalt und die Motivation zu f\u00f6rdern. Die Termine findest Du<br \/>in unserem <a href=\"https:\/\/turmschiefbahn.de\/?post_type=tribe_events\" data-type=\"link\" data-id=\"https:\/\/turmschiefbahn.de\/?post_type=tribe_events\">Kalender<\/a>. Auch werden die Ausschreibungen von interessanten Turnieren intern verschickt.<\/p>\n\n\n\n<h3 class=\"wp-block-heading\">Einzelmeisterschaften<\/h3>\n\n\n\n<p>Die Einzelmeisterschaften im Jugendbereich werden auf verschiedenen Organisationsebenen ausgetragen, bei denen die M\u00f6glichkeit besteht, sich f\u00fcr die jeweils n\u00e4chsth\u00f6here Ebene zu qualifizieren. Besonders starke Spieler haben hierbei die M\u00f6glichkeit f\u00fcr h\u00f6here Ebenen einen Freiplatz zu erhalten, so dass sie nicht das gesamte Qualifikationsprozedere durchlaufen m\u00fcssen und dabei anderen Spielern Pl\u00e4tze<br \/>&#8222;wegnehmen&#8220;. Die Meisterschaften werden in verschiedenen Altersklassen ausgetragen, die jeweils zwei Jahrg\u00e4nge umfassen.<\/p>\n\n\n\n<p>Die <strong>Bezirksmeisterschaften <\/strong>finden in der zweiten Jahresh\u00e4lfte zweigeteilt statt: Zun\u00e4chst werden \u00fcber einen Schnellschach-Grand-Prix die Qualifikanten f\u00fcr die Endrunde ermittelt. Der <strong>Schnellschach-Grand-Prix<\/strong> umfasst drei Turniere, die im September\/ Oktober als Tagesturnier bei verschiedenen Vereinen ausgerichtet werden.<br \/>Die Bestplatzierten spielen dann in der <strong>Endrunde <\/strong>im Turnierschach \u00fcber mehrere Tage in der Jugendtagungsst\u00e4tte Wolfsberg die Qualifikanten f\u00fcr die Verbandsmeisterschaft aus.<\/p>\n\n\n\n<p>Die <strong>Verbandsmeisterschaften <\/strong>finden traditionell in der ersten Januarwoche, ebenfalls auf dem Wolfsberg statt.<\/p>\n\n\n\n<p>Die <strong>NRW-Meisterschaften <\/strong>werden auch auf dem Wolfsberg ausgetragen. Termin ist jeweils die zweite Woche der Osterferien. Neben der regul\u00e4ren Meisterschaft gibt es hier auch ein offenes Turnier, an dem jeder teilnehmen kann (freie Kapazit\u00e4ten vorausgesetzt).<br \/><br \/>Die <strong>Deutschen Meisterschaften <\/strong>werden immer in der Pfingstwoche ausgerichtet, aktuell in Willingen im Sauerland. Auch hier gibt es neben den regul\u00e4ren Meisterschaften offene Begleitturniere in Form von 3 Open-Turnieren (nach Spielst\u00e4rke gestaffelt) und einem KiKa-<br \/>Turnier (f\u00fcr Kinder unter 10 Jahren).<br \/><br \/>Wenn Du Dir einen Eindruck von den Turnieren verschaffen m\u00f6chtest, st\u00f6bere doch einfach in unserem <a href=\"https:\/\/turmschiefbahn.de\/?cat=11\" data-type=\"link\" data-id=\"https:\/\/turmschiefbahn.de\/?cat=11\">Beitr\u00e4gen<\/a> (Kategorie Kinder- und Jugend), wo Du Berichte und Ergebnisse unserer Kinder bei den Meisterschaften der letzten Jahre findest.<\/p>\n\n\n\n<h3 class=\"wp-block-heading\"><br \/>Offene Turniere<\/h3>\n\n\n\n<p>Neben den offiziellen Meisterschaften hast Du die M\u00f6glichkeit, an einer Reihe von Turnieren teilzunehmen, die f\u00fcr jedermann offen sind. Man unterscheidet grunds\u00e4tzlich zwischen Turnieren im klassischen Turnierschach, die \u00fcber mehrere Tage gehen (mit 1-2 Partien pro Tag), und Turnieren im Schnell- oder Blitzschach (hier werden i.d.R. alle Partien an einem Tag gespielt). In allen Turnierformen gibt es auch Turniere speziell f\u00fcr Kinder und Jugendliche, die eine Altersobergrenze haben. Die Teilnahme an offenen Turnieren wird i.d.R. privat organisiert. Bei besonders attraktiven Veranstaltungen versuchen wir jedoch auch hier, vom Verein mit einer gr\u00f6\u00dferen Gruppe an den Start gehen zu k\u00f6nnen.<\/p>\n","protected":false},"excerpt":{"rendered":"<p>Unsere Jugendlichen haben die M\u00f6glichkeit, an zahlreichen Einzelmeisterschaften und offenen Turnieren teilzunehmen. Wenn m\u00f6glich versuchen wir hierbei, mit gr\u00f6\u00dferen Gruppen vor Ort zu sein, um den Zusammenhalt und die Motivation zu f\u00f6rdern. Die Termine findest Duin unserem Kalender. Auch werden die Ausschreibungen von interessanten Turnieren intern verschickt. Einzelmeisterschaften Die Einzelmeisterschaften im Jugendbereich werden auf verschiedenen [&hellip;]<\/p>\n","protected":false},"author":7,"featured_media":0,"parent":0,"menu_order":0,"comment_status":"closed","ping_status":"closed","template":"","meta":{"footnotes":""},"class_list":["post-5343","page","type-page","status-publish","hentry","wpbf-post"],"_links":{"self":[{"href":"https:\/\/turmschiefbahn.de\/index.php?rest_route=\/wp\/v2\/pages\/5343","targetHints":{"allow":["GET"]}}],"collection":[{"href":"https:\/\/turmschiefbahn.de\/index.php?rest_route=\/wp\/v2\/pages"}],"about":[{"href":"https:\/\/turmschiefbahn.de\/index.php?rest_route=\/wp\/v2\/types\/page"}],"author":[{"embeddable":true,"href":"https:\/\/turmschiefbahn.de\/index.php?rest_route=\/wp\/v2\/users\/7"}],"replies":[{"embeddable":true,"href":"https:\/\/turmschiefbahn.de\/index.php?rest_route=%2Fwp%2Fv2%2Fcomments&post=5343"}],"version-history":[{"count":9,"href":"https:\/\/turmschiefbahn.de\/index.php?rest_route=\/wp\/v2\/pages\/5343\/revisions"}],"predecessor-version":[{"id":5393,"href":"https:\/\/turmschiefbahn.de\/index.php?rest_route=\/wp\/v2\/pages\/5343\/revisions\/5393"}],"wp:attachment":[{"href":"https:\/\/turmschiefbahn.de\/index.php?rest_route=%2Fwp%2Fv2%2Fmedia&parent=5343"}],"curies":[{"name":"wp","href":"https:\/\/api.w.org\/{rel}","templated":true}]}}