{"id":5347,"date":"2025-02-10T08:50:34","date_gmt":"2025-02-10T07:50:34","guid":{"rendered":"https:\/\/turmschiefbahn.de\/?page_id=5347"},"modified":"2025-03-15T14:19:34","modified_gmt":"2025-03-15T13:19:34","slug":"jugend-aktivitaeten","status":"publish","type":"page","link":"https:\/\/turmschiefbahn.de\/?page_id=5347","title":{"rendered":"Jugend &#8211; Aktivit\u00e4ten"},"content":{"rendered":"\n<p>Neben dem regelm\u00e4\u00dfigen Training, dem Spiel in einer oder mehreren Mannschaften und der Teilnahme an Turnieren kommen bei uns auch die au\u00dferschachlichen Aktivit\u00e4ten nicht zu kurz. Diese sollen in erster Linie dazu dienen, Kontakte und Freundschaften unter den Kindern und Jugendlichen zu intensivieren und den Zusammenhalt innerhalb des Vereins zu f\u00f6rdern. Gerade f\u00fcr junge Menschen ist das gemeinsame Erleben mit Gleichaltrigen von hoher Bedeutung und dem wollen wir hiermit Rechnung tragen.<br \/><br \/>Im Jahr 2025 werden wir, quasi als H\u00f6hepunkt unserer Gemeinschaftsaktivit\u00e4ten, erstmals eine <strong>einw\u00f6chige Freizeitreise in den Sommerferien <\/strong>veranstalten. Geplant ist eine Fahrt in einen Ferienpark in den Niederlanden, wobei neben ein wenig Schach, vor allem Spiel, Spa\u00df und Erholung im Vordergrund stehen werden.<br \/><br \/>Bereits vor den Sommerferien steht j\u00e4hrlich die gro\u00dfe <strong>Saisonabschlussfeier <\/strong>des Vereins auf dem Programm. Hierbei lassen alle Vereinsmitglieder bei Pizza und Freigetr\u00e4nken die abgelaufene Saison gem\u00fctlich ausklingen und integrieren damit die Jugendlichen in den<br \/>Gesamtverein.<br \/><br \/>Zum Jahresende veranstalten wir eine <strong>Weihnachtsfeier <\/strong>mit integriertem <strong>Nikolausturnier<\/strong>. W\u00e4hrend die Kinder am Schachbrett um kleine Preise und Schokonikol\u00e4use k\u00e4mpfen, haben die Eltern bei Kaffee und Kuchen die M\u00f6glichkeit zum Austausch untereinander und mit den<br \/>Trainern.<br \/><br \/>\u00dcber das Jahr verteilt werden verschiedene kleine <strong>Trainingslager <\/strong>angeboten, in der Regel an Wochenenden. In spielst\u00e4rkehomogenen Kleingruppen kann dabei besonders intensiv auf die Bed\u00fcrfnisse der Teilnehmer eingegangen werden.<\/p>\n","protected":false},"excerpt":{"rendered":"<p>Neben dem regelm\u00e4\u00dfigen Training, dem Spiel in einer oder mehreren Mannschaften und der Teilnahme an Turnieren kommen bei uns auch die au\u00dferschachlichen Aktivit\u00e4ten nicht zu kurz. Diese sollen in erster Linie dazu dienen, Kontakte und Freundschaften unter den Kindern und Jugendlichen zu intensivieren und den Zusammenhalt innerhalb des Vereins zu f\u00f6rdern. Gerade f\u00fcr junge Menschen [&hellip;]<\/p>\n","protected":false},"author":7,"featured_media":0,"parent":0,"menu_order":0,"comment_status":"closed","ping_status":"closed","template":"","meta":{"footnotes":""},"class_list":["post-5347","page","type-page","status-publish","hentry","wpbf-post"],"_links":{"self":[{"href":"https:\/\/turmschiefbahn.de\/index.php?rest_route=\/wp\/v2\/pages\/5347","targetHints":{"allow":["GET"]}}],"collection":[{"href":"https:\/\/turmschiefbahn.de\/index.php?rest_route=\/wp\/v2\/pages"}],"about":[{"href":"https:\/\/turmschiefbahn.de\/index.php?rest_route=\/wp\/v2\/types\/page"}],"author":[{"embeddable":true,"href":"https:\/\/turmschiefbahn.de\/index.php?rest_route=\/wp\/v2\/users\/7"}],"replies":[{"embeddable":true,"href":"https:\/\/turmschiefbahn.de\/index.php?rest_route=%2Fwp%2Fv2%2Fcomments&post=5347"}],"version-history":[{"count":4,"href":"https:\/\/turmschiefbahn.de\/index.php?rest_route=\/wp\/v2\/pages\/5347\/revisions"}],"predecessor-version":[{"id":5472,"href":"https:\/\/turmschiefbahn.de\/index.php?rest_route=\/wp\/v2\/pages\/5347\/revisions\/5472"}],"wp:attachment":[{"href":"https:\/\/turmschiefbahn.de\/index.php?rest_route=%2Fwp%2Fv2%2Fmedia&parent=5347"}],"curies":[{"name":"wp","href":"https:\/\/api.w.org\/{rel}","templated":true}]}}