{"id":5404,"date":"2025-02-13T17:41:13","date_gmt":"2025-02-13T16:41:13","guid":{"rendered":"https:\/\/turmschiefbahn.de\/?page_id=5404"},"modified":"2026-04-11T09:52:05","modified_gmt":"2026-04-11T07:52:05","slug":"trainer-steckbriefe","status":"publish","type":"page","link":"https:\/\/turmschiefbahn.de\/?page_id=5404","title":{"rendered":"Trainersteckbriefe"},"content":{"rendered":"\n<figure class=\"wp-block-table is-style-stripes has-large-font-size\"><table class=\"has-fixed-layout\"><tbody><tr><td><strong>Andr\u00e9 Wokrina (Jugendwart, B-Trainer)<\/strong><\/td><td class=\"has-text-align-right\" data-align=\"right\"><img loading=\"lazy\" decoding=\"async\" width=\"150\" height=\"134\" class=\"wp-image-5409\" style=\"width: 150px;\" src=\"https:\/\/turmschiefbahn.de\/wp-content\/uploads\/2025\/02\/Andre_Wokrina.jpg\" alt=\"Andre Wokrina\"\/><\/td><\/tr><\/tbody><\/table><\/figure>\n\n\n\n<p>Andre ist ein Schiefbahner Eigengew\u00e4chs und mit 15 Jahren erst relativ sp\u00e4t zum Schach gekommen. Als fr\u00fcherer Oberligaspieler und lizenzierter B-Trainer verf\u00fcgt Andre \u00fcber mehr als 20 Jahre Erfahrung in der Arbeit mit verschiedenen Spielst\u00e4rkeniveaus \u2013 vom Einsteiger bis hin zum Coaching bei Deutschen Meisterschaften. Dabei kann er durch seinen Beruf als Erzieher auch auf reichlich p\u00e4dagogisches Wissen zur\u00fcckgreifen. Aktuell trainiert Andre die Leistungsgruppe am Sonntag und unterst\u00fctzt einige unserer Kinder im Einzeltraining.<\/p>\n\n\n\n<figure class=\"wp-block-table is-style-stripes has-large-font-size\"><table class=\"has-fixed-layout\"><tbody><tr><td><strong>Nils Segermann (Jugendtrainer) <\/strong><\/td><td class=\"has-text-align-right\" data-align=\"right\"><img loading=\"lazy\" decoding=\"async\" width=\"150\" height=\"189\" class=\"wp-image-5429\" style=\"width: 150px;\" src=\"https:\/\/turmschiefbahn.de\/wp-content\/uploads\/2025\/02\/Nils_Segermann.jpg\" alt=\"\"\/><\/td><\/tr><\/tbody><\/table><\/figure>\n\n\n\n<p>Nils hat seine Leidenschaft zum Schachsport in der Corona-Zeit wieder aufleben lassen. Seitdem engagiert er sich immer mehr im Verein. Er leitet er zusammen mit Gero Meller das Jugendtraining am Freitag. Hierbei kann er auch auf p\u00e4dagogisches Wissen zur\u00fcckgreifen, da er seit einigen Jahren als Erzieher arbeitet. Als ausgebildeter Schiedsrichter kann er den Kindern und Jugendlichen zudem in Regelfragen weiterhelfen. <\/p>\n\n\n\n<p><\/p>\n","protected":false},"excerpt":{"rendered":"<p>Andr\u00e9 Wokrina (Jugendwart, B-Trainer) Andre ist ein Schiefbahner Eigengew\u00e4chs und mit 15 Jahren erst relativ sp\u00e4t zum Schach gekommen. Als fr\u00fcherer Oberligaspieler und lizenzierter B-Trainer verf\u00fcgt Andre \u00fcber mehr als 20 Jahre Erfahrung in der Arbeit mit verschiedenen Spielst\u00e4rkeniveaus \u2013 vom Einsteiger bis hin zum Coaching bei Deutschen Meisterschaften. Dabei kann er durch seinen Beruf [&hellip;]<\/p>\n","protected":false},"author":7,"featured_media":0,"parent":0,"menu_order":0,"comment_status":"closed","ping_status":"closed","template":"","meta":{"footnotes":""},"class_list":["post-5404","page","type-page","status-publish","hentry","wpbf-post"],"_links":{"self":[{"href":"https:\/\/turmschiefbahn.de\/index.php?rest_route=\/wp\/v2\/pages\/5404","targetHints":{"allow":["GET"]}}],"collection":[{"href":"https:\/\/turmschiefbahn.de\/index.php?rest_route=\/wp\/v2\/pages"}],"about":[{"href":"https:\/\/turmschiefbahn.de\/index.php?rest_route=\/wp\/v2\/types\/page"}],"author":[{"embeddable":true,"href":"https:\/\/turmschiefbahn.de\/index.php?rest_route=\/wp\/v2\/users\/7"}],"replies":[{"embeddable":true,"href":"https:\/\/turmschiefbahn.de\/index.php?rest_route=%2Fwp%2Fv2%2Fcomments&post=5404"}],"version-history":[{"count":21,"href":"https:\/\/turmschiefbahn.de\/index.php?rest_route=\/wp\/v2\/pages\/5404\/revisions"}],"predecessor-version":[{"id":6464,"href":"https:\/\/turmschiefbahn.de\/index.php?rest_route=\/wp\/v2\/pages\/5404\/revisions\/6464"}],"wp:attachment":[{"href":"https:\/\/turmschiefbahn.de\/index.php?rest_route=%2Fwp%2Fv2%2Fmedia&parent=5404"}],"curies":[{"name":"wp","href":"https:\/\/api.w.org\/{rel}","templated":true}]}}